{"id":292,"date":"2022-01-18T09:23:20","date_gmt":"2022-01-18T08:23:20","guid":{"rendered":"https:\/\/europezinal.ch\/?page_id=292"},"modified":"2026-04-24T10:16:48","modified_gmt":"2026-04-24T08:16:48","slug":"our-hotel","status":"publish","type":"page","link":"https:\/\/europezinal.ch\/en\/","title":{"rendered":"Our hotel"},"content":{"rendered":"\n<div class=\"wp-block-group container--narrow\"><div class=\"wp-block-group__inner-container is-layout-flow wp-block-group-is-layout-flow\">\n\n<div id=\"banner-block_40cb86328613548dc25cc65c4452572e\" class=\"c-block-title-page text--center mb-xs-30\">\n    <h1 class=\"title__page\"><strong>Our hotel<\/strong><\/h1>\n        <h2 class=\"title__page\">Swiss Confort Lodge<\/h2>\n    <\/div>\n\n\n\n<h3 style=\"text-align: center;\">The Hotel Europe welcomes you in the heart of the Valaisan Alps!<\/h3>\n<p style=\"text-align: center;\">Our Swiss Comfort Lodge hotel has 34 fully equipped rooms, 14 of which are family rooms. We have everything you need for a family break in Zinal in complete comfort. Located less than 300m away from the ski lifts, our hotel is the perfect place for your next family holiday.<\/p>\n<p style=\"text-align: center;\">The Hotel Europe welcomes you during the following hours:<\/p>\n<p style=\"text-align: center;\">Hotel open 7 days a week until April 19, 2026, and will reopen on May 4, 2026.<\/p>\n<p style=\"text-align: center;\">Restaurant open from 12:00 p.m. to 2:00 p.m. for lunch and from 6:45 p.m. to 9:00 p.m. for dinner Reservations recommended<\/p>\n<p style=\"text-align: center;\">Bar-Caf\u00e9 open from 7:30 a.m.<\/p>\n\n\n\n<div class=\"wp-block-columns c-hotel-badges is-layout-flex wp-container-core-columns-is-layout-9d6595d7 wp-block-columns-is-layout-flex\">\n<div class=\"wp-block-column is-layout-flow wp-block-column-is-layout-flow\"><div class=\"wp-block-image\">\n<figure class=\"aligncenter size-full is-resized\"><img loading=\"lazy\" decoding=\"async\" width=\"255\" height=\"195\" src=\"https:\/\/europezinal.ch\/wp-content\/uploads\/2021\/12\/hotel-europe-zinal-notre-hotel-logo-swiss-lodge@3x.png\" alt=\"\" class=\"wp-image-203\" style=\"width:128px;height:98px\"\/><\/figure><\/div><\/div>\n\n\n\n<div class=\"wp-block-column text--center is-layout-flow wp-block-column-is-layout-flow\">\n<!-- TrustYou Widget -->\r\n<iframe style=\"border:0;width:125px;height:101px;\" src=\"https:\/\/api.trustyou.com\/hotels\/1aeac919-3f55-40b0-927b-062b46bfe355\/seal.html?key=65d30183-bc67-45e3-988b-70e5425489a2&#038;size=l&#038;scale=5\"><\/iframe>\r\n<!-- TrustYou Widget -->\n<\/div>\n<\/div>\n\n\n\n<div id=\"block_5cbbb8d428c69f655987c898a40f7960\" class=\"c-block-cta py-xs-15 aligncenter\">\n    <a href=\"#booking\"  class=\"btn btn-primary\">Book now<\/a>\n<\/div>\n<\/div><\/div>\n\n\n\n\n<aside id=\"banner-block_8eb0498c2578d19e3dec518ca04ec748\" class=\"c-block-banner-cta  my-md-120 my-xs-70\">\n    <div class=\"c container\">\n        <div class=\"banner-cta__content\">\n            <div class=\"banner-cta__figure\">\n              \n                5%\n                <span>Off<\/span>\n             \n               \n            <\/div>\n            <div class=\"banner-cta__text\">\n                <h2>Book online on our website !<\/h2>\n<p>By booking your room directly, we guarantee you the best price!<br \/>\nYou will also receive a 5% discount for all online bookings on our website.<\/p>\n            <\/div>\n            <div class=\"banner-cta__button\">\n                <a href=\"#booking\"  class=\"btn btn-cta\">Book now<\/a>\n            <\/div>\n        <\/div>\n    <\/div>\n<\/aside>\n\n\n\n<section id=\"banner-block_5191b83bfc2a0b6f311cdf1a02893a08\" class=\"c-block-text-image mb-md-150 mb-xs-70 alignright\">\n    <div class=\"c-block-text-image__grid grid\">\n        <div class=\"c-block-text-image__text-container cell-x-xs-2-12 cell-x-sm-2-7 cell-y-xs-2-1 cell-y-sm-1-2 cell-front vert-flex\">\n            <div class=\"c-block-text-image__text\">\n                <div><h2><strong>Situation<\/strong><br \/>\nDiscover the beauty of Zinal!<\/h2>\n<p><strong>Ideally situated in the unspoilt, picturesque little village of Zinal in the Valaisan Alps, our hotel is just 300m from the Zinal-Sorebois cable car.<\/strong><\/p>\n<p>Sporty and outdoor types will love the mountain biking trails (100km), footpaths (100km), downhill ski runs (250km), freeride area and cross-country ski trails (33km) that are all around Zinal.<\/p>\n<\/div>\n                                <a href=\"https:\/\/www.valdanniviers.ch\/\" target=\"_blank\" class=\"btn btn-primary mt-xs-30\">Find out more<\/a>\n                            <\/div>\n        <\/div>\n        <div class=\"c-block-text-image__image parallax-up cell-x-xs-1-14 cell-x-sm-5-10 cell-y-xs-1-1 cell-y-sm-1-2 vert-flex\">\n            <img decoding=\"async\" src=\"https:\/\/europezinal.ch\/wp-content\/uploads\/2021\/12\/hotel-europe-zinal-situation-image@2x.jpg\" alt=\"\" width=1130>\n        <\/div>\n    <\/div>\n<\/section>\n\n\n\n\n<section id=\"banner-block_b8a5a11214571e0ced3fca8f59ea80b0\" class=\"c-block-text-image mb-md-150 mb-xs-70\">\n    <div class=\"c-block-text-image__grid grid\">\n        <div class=\"c-block-text-image__text-container cell-x-xs-2-12 cell-x-sm-7-7 cell-y-xs-2-1 cell-y-sm-1-2 cell-front vert-flex\">\n            <div class=\"c-block-text-image__text\">\n                <div><h2>wellness<\/h2>\n<h3>Discover our wellness area<\/h3>\n<p>After an active day spent skiing or walking in the mountains, why not take advantage of our new spa facilities and relax in the sauna, steam room and jacuzzi? Access to our spa is included in the room price. For an additional charge, treatments and massages can also be arranged on request.The spa is reserved to our customers 16 years or older accompanied by an adult.<\/p>\n<p>Andr\u00e9 Costa, our massage therapist, offers you by appointment a wide range of sports, relaxing and plantar massages for a pure moment of relaxation.<\/p>\n<p>&nbsp;<\/p>\n<p>Our wellness area will be closed through May 30, 2026, due to renovation work. Thank you for your understanding.<\/p>\n<\/div>\n                            <\/div>\n        <\/div>\n        <div class=\"c-block-text-image__image parallax-up cell-x-xs-1-14 cell-x-sm-1-10 cell-y-xs-1-1 cell-y-sm-1-2 vert-flex\">\n            <img decoding=\"async\" src=\"https:\/\/europezinal.ch\/wp-content\/uploads\/2022\/01\/Hotel-europe-zinal-spa-scaled.jpg\" alt=\"\" width=1130>\n        <\/div>\n    <\/div>\n<\/section>\n\n\n\n\n<section id=\"banner-block_aa9252e61e9052faabc00cbe63e16760\" class=\"c-block-text-image mb-md-150 mb-xs-70 alignright\">\n    <div class=\"c-block-text-image__grid grid\">\n        <div class=\"c-block-text-image__text-container cell-x-xs-2-12 cell-x-sm-2-7 cell-y-xs-2-1 cell-y-sm-1-2 cell-front vert-flex\">\n            <div class=\"c-block-text-image__text\">\n                <div><h2>bike hotel<\/h2>\n<h3>Everything you need for cycling holidays<\/h3>\n<p><strong>For cycling enthusiasts, we offer free of charge a lockable store-room, a socket for E-bikes, a hose, and a cleaning, maintenance and repair kit. Moreover, visitors can rent bicycles and mountain-bikes at our retail partner Do Sport.<\/strong><\/p>\n<h4><span style=\"color: #93d500;\">BEST OF ANNIVIERS WITH A GUIDE<\/span><\/h4>\n<p><strong>Want to see the best of Val d&#8217;Anniviers by bike on a fun-packed day out? Nothing beats the expert guidance of a local MTB guide. Beginner or pro, e-bike or enduro, gourmet pit-stops or never-ending trails: anything and everything is possible.<\/strong><\/p>\n<p><strong>Services:<\/strong><br \/>\n2 nights in double room<br \/>\nBreakfast<br \/>\n1 day accompanied by an MTB guide.<br \/>\nPrice : from CHF 393.- per person<br \/>\n<strong>R\u00e9servations : <a href=\"mailto:reservations@grimentz-zinal.ch\">reservations@grimentz-zinal.ch<\/a><\/strong><\/p>\n<h4><span style=\"color: #93d500;\">BIKE PLANET TOUR<\/span><\/h4>\n<p><strong>This 25km tour includes a visit to the mythical Hotel Weisshorn and lets you leave your tracks on the Planet Path. The view alone from those heights is worth the detour.<\/strong><\/p>\n<p><a href=\"https:\/\/www.schweizmobil.ch\/en\/mountainbiking-in-switzerland\/routes\/route-0173.html\" target=\"_blank\" rel=\"noopener\">See the tour<\/a><\/p>\n<p>&nbsp;<\/p>\n<\/div>\n                            <\/div>\n        <\/div>\n        <div class=\"c-block-text-image__image parallax-up cell-x-xs-1-14 cell-x-sm-5-10 cell-y-xs-1-1 cell-y-sm-1-2 vert-flex\">\n            <img decoding=\"async\" src=\"https:\/\/europezinal.ch\/wp-content\/uploads\/2021\/12\/hotel-europe-zinal-bike-hotel-image@2x.jpg\" alt=\"\" width=1130>\n        <\/div>\n    <\/div>\n<\/section>\n\n\n\n\n<section id=\"banner-block_2dee50d04504b8523fb1958bfe964342\" class=\"c-block-text-image mb-md-150 mb-xs-70\">\n    <div class=\"c-block-text-image__grid grid\">\n        <div class=\"c-block-text-image__text-container cell-x-xs-2-12 cell-x-sm-7-7 cell-y-xs-2-1 cell-y-sm-1-2 cell-front vert-flex\">\n            <div class=\"c-block-text-image__text\">\n                <div><h2><strong>General Meeting<\/strong><br \/>\nMeeting rooms<\/h2>\n<h3>The restful but breathtaking setting of Val d&#8217;Anniviers will help you to find inspiration for your ideas and enrich your work sessions.<\/h3>\n<p><strong> Our team is ready to welcome you and take care of everything you need for your meetings and seminars. Our conference room can accommodate up to 20 people depending on the layout chosen. Multipurpose room: 280 people maximum for reservation.<\/strong><\/p>\n<p><strong>Facilities and services offered for meeting, conference and congress<\/strong><br \/>\n<strong>Large work area | Seminar Room | Meeting rooms | Secretarial services<\/strong><br \/>\n<strong>High speed Internet access | Telephone | Copier | Flipcharts | Whiteboard | LCD Projector | Overhead projector<\/strong><\/p>\n<\/div>\n                            <\/div>\n        <\/div>\n        <div class=\"c-block-text-image__image parallax-up cell-x-xs-1-14 cell-x-sm-1-10 cell-y-xs-1-1 cell-y-sm-1-2 vert-flex\">\n            <img decoding=\"async\" src=\"https:\/\/europezinal.ch\/wp-content\/uploads\/2024\/10\/L1140464.jpg\" alt=\"\" width=1130>\n        <\/div>\n    <\/div>\n<\/section>\n\n\n\n\n<aside id=\"banner-block_8eb0498c2578d19e3dec518ca04ec748\" class=\"c-block-banner-cta  my-md-120 my-xs-70\">\n    <div class=\"c container\">\n        <div class=\"banner-cta__content\">\n            <div class=\"banner-cta__figure\">\n              \n                5%\n                <span>Off<\/span>\n             \n               \n            <\/div>\n            <div class=\"banner-cta__text\">\n                <h2>Book online on our website !<\/h2>\n<p>By booking your room directly, we guarantee you the best price!<br \/>\nYou will also receive a 5% discount for all online bookings on our website.<\/p>\n            <\/div>\n            <div class=\"banner-cta__button\">\n                <a href=\"#booking\"  class=\"btn btn-cta\">Book now<\/a>\n            <\/div>\n        <\/div>\n    <\/div>\n<\/aside>\n\n\n<div class=\"wp-block-group pt-xs-60 mb-xs-150 bg--gray-light\"><div class=\"wp-block-group__inner-container is-layout-flow wp-block-group-is-layout-flow\">\n<div class=\"wp-block-columns is-layout-flex wp-container-core-columns-is-layout-9d6595d7 wp-block-columns-is-layout-flex\">\n<div class=\"wp-block-column is-layout-flow wp-block-column-is-layout-flow\">\n\n<div id=\"block-block_177ceaf6043b3effcbb008e833cc72ab\" class=\"c-block-service mb-md-60 mb-xs-40\">\n   \n    <div class=\"c-block-service__img\">\n        <img decoding=\"async\" src=\"https:\/\/europezinal.ch\/wp-content\/uploads\/2021\/12\/hotel-europe-zinal-equipements-picto-equipement-de-base.svg\" alt=\"\">\n    <\/div>\n    <div class=\"c-block-service__title\">\n        <h2 class=\"title__small\">General Amenities<\/h2>\n    <\/div>\n    <div class=\"c-block-service__content\">\n        <p style=\"text-align: center;\">Lobby<br \/>\nSki room<br \/>\nBaggage hold<br \/>\nFront desk<br \/>\nLounge<br \/>\nReading Room<br \/>\nSki boot dryer<\/p>\n    <\/div>\n       \n<\/div>\n<\/div>\n\n\n\n<div class=\"wp-block-column is-layout-flow wp-block-column-is-layout-flow\">\n\n<div id=\"block-block_d3b3a1eeb57efd4aaec701fbd2d93bb1\" class=\"c-block-service mb-md-60 mb-xs-40\">\n   \n    <div class=\"c-block-service__img\">\n        <img decoding=\"async\" src=\"https:\/\/europezinal.ch\/wp-content\/uploads\/2021\/12\/hotel-europe-zinal-equipements-picto-offre-spa-wellness.svg\" alt=\"\">\n    <\/div>\n    <div class=\"c-block-service__title\">\n        <h2 class=\"title__small\">Spa\/Well-being<\/h2>\n    <\/div>\n    <div class=\"c-block-service__content\">\n        <p style=\"text-align: center;\">Relaxation area<br \/>\nJacuzzi<br \/>\nSauna<br \/>\nSteam room<br \/>\nMassages<\/p>\n    <\/div>\n       \n<\/div>\n<\/div>\n\n\n\n<div class=\"wp-block-column is-layout-flow wp-block-column-is-layout-flow\">\n\n<div id=\"block-block_679c45c1e439c322efbe0a2cbec10f31\" class=\"c-block-service mb-md-60 mb-xs-40\">\n   \n    <div class=\"c-block-service__img\">\n        <img decoding=\"async\" src=\"https:\/\/europezinal.ch\/wp-content\/uploads\/2022\/03\/hotel-zinal-equipements-picto-service-affaire.svg\" alt=\"\">\n    <\/div>\n    <div class=\"c-block-service__title\">\n        <h2 class=\"title__small\">BUSINESS SERVICES<\/h2>\n    <\/div>\n    <div class=\"c-block-service__content\">\n        <p style=\"text-align: center;\">Seminar room<br \/>\nSecretarial services<br \/>\nHigh-speed internet access<br \/>\nTelephone<br \/>\nCopier<br \/>\nFlipcharts<br \/>\nWhiteboard<br \/>\nConnected screen<\/p>\n    <\/div>\n       \n<\/div>\n<\/div>\n\n\n\n<div class=\"wp-block-column is-layout-flow wp-block-column-is-layout-flow\">\n\n<div id=\"block-block_f4cb2f703a972ee3eb49946e2d1db6d6\" class=\"c-block-service mb-md-60 mb-xs-40\">\n   \n    <div class=\"c-block-service__img\">\n        <img decoding=\"async\" src=\"https:\/\/europezinal.ch\/wp-content\/uploads\/2021\/12\/hotel-europe-zinal-equipements-picto-lieu.svg\" alt=\"\">\n    <\/div>\n    <div class=\"c-block-service__title\">\n        <h2 class=\"title__small\">Location<\/h2>\n    <\/div>\n    <div class=\"c-block-service__content\">\n        <p style=\"text-align: center;\">Access: Bus |Taxi | Car<br \/>\nNear Cable Car<br \/>\nclose to cross-country ski trail<br \/>\nCountryside<br \/>\nSkiing area<br \/>\nRiverside<\/p>\n    <\/div>\n       \n<\/div>\n<\/div>\n<\/div>\n<\/div><\/div>\n\n\n\n<div class=\"wp-block-group c-zinal-articles-actualite mt-xs-150\"><div class=\"wp-block-group__inner-container is-layout-constrained wp-block-group-is-layout-constrained\">\n<h2 class=\"wp-block-heading has-text-align-center\"><strong>Our&nbsp; articles<\/strong><\/h2>\n\n\n\n<div style=\"height:70px\" aria-hidden=\"true\" class=\"wp-block-spacer\"><\/div>\n\n\n\n<div class=\"wp-block-columns c-cinq4000-actualite is-layout-flex wp-container-core-columns-is-layout-9d6595d7 wp-block-columns-is-layout-flex\">\n<div class=\"wp-block-column is-vertically-aligned-stretch is-layout-flow wp-block-column-is-layout-flow\">\n<div class=\"wp-block-group is-vertical is-content-justification-center is-layout-flex wp-container-core-group-is-layout-4b2eccd6 wp-block-group-is-layout-flex\">\n<figure class=\"wp-block-image size-full\"><img loading=\"lazy\" decoding=\"async\" width=\"396\" height=\"378\" src=\"https:\/\/europezinal.ch\/wp-content\/uploads\/2024\/11\/hotel-cinq4000-nos-articles-article01-8.jpg\" alt=\"\" class=\"wp-image-1707\" style=\"object-fit:cover\" srcset=\"https:\/\/europezinal.ch\/wp-content\/uploads\/2024\/11\/hotel-cinq4000-nos-articles-article01-8.jpg 396w, https:\/\/europezinal.ch\/wp-content\/uploads\/2024\/11\/hotel-cinq4000-nos-articles-article01-8-300x286.jpg 300w\" sizes=\"auto, (max-width: 396px) 100vw, 396px\" \/><\/figure>\n\n\n\n<div style=\"height:0px\" aria-hidden=\"true\" class=\"wp-block-spacer wp-container-content-d613cd94\"><\/div>\n\n\n\n<h3 class=\"wp-block-heading has-text-align-center\" style=\"font-size:22px;font-style:normal;font-weight:400;text-transform:uppercase\"><strong>HOTEL EUROPE<\/strong> <br>WELLNESS HOTEL VALAIS<\/h3>\n\n\n\n<div style=\"height:0px\" aria-hidden=\"true\" class=\"wp-block-spacer wp-container-content-d613cd94\"><\/div>\n<\/div>\n\n\n\n<div class=\"wp-block-buttons is-content-justification-center is-layout-flex wp-container-core-buttons-is-layout-16018d1d wp-block-buttons-is-layout-flex\">\n<div class=\"wp-block-button\"><a class=\"wp-block-button__link has-white-color has-text-color has-background has-link-color wp-element-button\" href=\"https:\/\/europezinal.ch\/en\/wellness-hotel-valais\/\" style=\"border-radius:0px;background-color:#93d500;text-transform:uppercase\">Read the article<\/a><\/div>\n<\/div>\n<\/div>\n\n\n\n<div class=\"wp-block-column is-vertically-aligned-stretch is-layout-flow wp-block-column-is-layout-flow\"><\/div>\n\n\n\n<div class=\"wp-block-column is-vertically-aligned-stretch is-layout-flow wp-block-column-is-layout-flow\"><\/div>\n<\/div>\n<\/div><\/div>\n","protected":false},"excerpt":{"rendered":"<p>The Hotel Europe welcomes you in the heart of the Valaisan Alps! Our Swiss Comfort Lodge hotel has 34 fully equipped rooms, 14 of which are family rooms. We have everything you need for a family break in Zinal in complete comfort. Located less than 300m away from the ski lifts, our hotel is the [&hellip;]<\/p>\n","protected":false},"author":1,"featured_media":0,"parent":0,"menu_order":0,"comment_status":"closed","ping_status":"closed","template":"","meta":{"_acf_changed":false,"footnotes":""},"class_list":["post-292","page","type-page","status-publish","hentry"],"acf":[],"yoast_head":"<!-- This site is optimized with the Yoast SEO plugin v26.1.1 - https:\/\/yoast.com\/wordpress\/plugins\/seo\/ -->\n<title>Hotel Zinal, confort lodge Val d&#039;Anniviers | Europe Hotel<\/title>\n<meta name=\"description\" content=\"Au c\u0153ur des Alpes Valaisannes, l&#039;h\u00f4tel Europe bas\u00e9 \u00e0 Zinal vous propose des chambres confortables pour des s\u00e9jours en famille juste \u00e0 c\u00f4t\u00e9 des pistes!\" \/>\n<meta name=\"robots\" content=\"index, follow, max-snippet:-1, max-image-preview:large, max-video-preview:-1\" \/>\n<link rel=\"canonical\" href=\"https:\/\/europezinal.ch\/en\/\" \/>\n<meta property=\"og:locale\" content=\"en_US\" \/>\n<meta property=\"og:type\" content=\"article\" \/>\n<meta property=\"og:title\" content=\"Hotel Zinal, confort lodge Val d&#039;Anniviers | Europe Hotel\" \/>\n<meta property=\"og:description\" content=\"Au c\u0153ur des Alpes Valaisannes, l&#039;h\u00f4tel Europe bas\u00e9 \u00e0 Zinal vous propose des chambres confortables pour des s\u00e9jours en famille juste \u00e0 c\u00f4t\u00e9 des pistes!\" \/>\n<meta property=\"og:url\" content=\"https:\/\/europezinal.ch\/en\/\" \/>\n<meta property=\"og:site_name\" content=\"Hotel Europe Zinal\" \/>\n<meta property=\"article:modified_time\" content=\"2026-04-24T08:16:48+00:00\" \/>\n<meta property=\"og:image\" content=\"https:\/\/europezinal.ch\/wp-content\/uploads\/2021\/12\/hotel-europe-zinal-notre-hotel-logo-swiss-lodge@3x.png\" \/>\n\t<meta property=\"og:image:width\" content=\"255\" \/>\n\t<meta property=\"og:image:height\" content=\"195\" \/>\n\t<meta property=\"og:image:type\" content=\"image\/png\" \/>\n<meta name=\"twitter:card\" content=\"summary_large_image\" \/>\n<meta name=\"twitter:label1\" content=\"Est. reading time\" \/>\n\t<meta name=\"twitter:data1\" content=\"2 minutes\" \/>\n<script type=\"application\/ld+json\" class=\"yoast-schema-graph\">{\"@context\":\"https:\/\/schema.org\",\"@graph\":[{\"@type\":\"WebPage\",\"@id\":\"https:\/\/europezinal.ch\/en\/\",\"url\":\"https:\/\/europezinal.ch\/en\/\",\"name\":\"Hotel Zinal, confort lodge Val d'Anniviers | Europe Hotel\",\"isPartOf\":{\"@id\":\"https:\/\/europezinal.ch\/#website\"},\"primaryImageOfPage\":{\"@id\":\"https:\/\/europezinal.ch\/en\/#primaryimage\"},\"image\":{\"@id\":\"https:\/\/europezinal.ch\/en\/#primaryimage\"},\"thumbnailUrl\":\"https:\/\/europezinal.ch\/wp-content\/uploads\/2021\/12\/hotel-europe-zinal-notre-hotel-logo-swiss-lodge@3x.png\",\"datePublished\":\"2022-01-18T08:23:20+00:00\",\"dateModified\":\"2026-04-24T08:16:48+00:00\",\"description\":\"Au c\u0153ur des Alpes Valaisannes, l'h\u00f4tel Europe bas\u00e9 \u00e0 Zinal vous propose des chambres confortables pour des s\u00e9jours en famille juste \u00e0 c\u00f4t\u00e9 des pistes!\",\"breadcrumb\":{\"@id\":\"https:\/\/europezinal.ch\/en\/#breadcrumb\"},\"inLanguage\":\"en-US\",\"potentialAction\":[{\"@type\":\"ReadAction\",\"target\":[\"https:\/\/europezinal.ch\/en\/\"]}]},{\"@type\":\"ImageObject\",\"inLanguage\":\"en-US\",\"@id\":\"https:\/\/europezinal.ch\/en\/#primaryimage\",\"url\":\"https:\/\/europezinal.ch\/wp-content\/uploads\/2021\/12\/hotel-europe-zinal-notre-hotel-logo-swiss-lodge@3x.png\",\"contentUrl\":\"https:\/\/europezinal.ch\/wp-content\/uploads\/2021\/12\/hotel-europe-zinal-notre-hotel-logo-swiss-lodge@3x.png\"},{\"@type\":\"BreadcrumbList\",\"@id\":\"https:\/\/europezinal.ch\/en\/#breadcrumb\",\"itemListElement\":[{\"@type\":\"ListItem\",\"position\":1,\"name\":\"Accueil\",\"item\":\"https:\/\/europezinal.ch\/en\/\"},{\"@type\":\"ListItem\",\"position\":2,\"name\":\"Our hotel\"}]},{\"@type\":\"WebSite\",\"@id\":\"https:\/\/europezinal.ch\/#website\",\"url\":\"https:\/\/europezinal.ch\/\",\"name\":\"Hotel Europe Zinal\",\"description\":\"SWISS COMFORT LODGE\",\"publisher\":{\"@id\":\"https:\/\/europezinal.ch\/#organization\"},\"potentialAction\":[{\"@type\":\"SearchAction\",\"target\":{\"@type\":\"EntryPoint\",\"urlTemplate\":\"https:\/\/europezinal.ch\/?s={search_term_string}\"},\"query-input\":{\"@type\":\"PropertyValueSpecification\",\"valueRequired\":true,\"valueName\":\"search_term_string\"}}],\"inLanguage\":\"en-US\"},{\"@type\":\"Organization\",\"@id\":\"https:\/\/europezinal.ch\/#organization\",\"name\":\"Hotel Europe Zinal\",\"url\":\"https:\/\/europezinal.ch\/\",\"logo\":{\"@type\":\"ImageObject\",\"inLanguage\":\"en-US\",\"@id\":\"https:\/\/europezinal.ch\/#\/schema\/logo\/image\/\",\"url\":\"https:\/\/europezinal.ch\/wp-content\/uploads\/2021\/12\/hotel-europe-zinal-logo-menu.svg\",\"contentUrl\":\"https:\/\/europezinal.ch\/wp-content\/uploads\/2021\/12\/hotel-europe-zinal-logo-menu.svg\",\"width\":190,\"height\":72,\"caption\":\"Hotel Europe Zinal\"},\"image\":{\"@id\":\"https:\/\/europezinal.ch\/#\/schema\/logo\/image\/\"}}]}<\/script>\n<!-- \/ Yoast SEO plugin. -->","yoast_head_json":{"title":"Hotel Zinal, confort lodge Val d'Anniviers | Europe Hotel","description":"Au c\u0153ur des Alpes Valaisannes, l'h\u00f4tel Europe bas\u00e9 \u00e0 Zinal vous propose des chambres confortables pour des s\u00e9jours en famille juste \u00e0 c\u00f4t\u00e9 des pistes!","robots":{"index":"index","follow":"follow","max-snippet":"max-snippet:-1","max-image-preview":"max-image-preview:large","max-video-preview":"max-video-preview:-1"},"canonical":"https:\/\/europezinal.ch\/en\/","og_locale":"en_US","og_type":"article","og_title":"Hotel Zinal, confort lodge Val d'Anniviers | Europe Hotel","og_description":"Au c\u0153ur des Alpes Valaisannes, l'h\u00f4tel Europe bas\u00e9 \u00e0 Zinal vous propose des chambres confortables pour des s\u00e9jours en famille juste \u00e0 c\u00f4t\u00e9 des pistes!","og_url":"https:\/\/europezinal.ch\/en\/","og_site_name":"Hotel Europe Zinal","article_modified_time":"2026-04-24T08:16:48+00:00","og_image":[{"width":255,"height":195,"url":"https:\/\/europezinal.ch\/wp-content\/uploads\/2021\/12\/hotel-europe-zinal-notre-hotel-logo-swiss-lodge@3x.png","type":"image\/png"}],"twitter_card":"summary_large_image","twitter_misc":{"Est. reading time":"2 minutes"},"schema":{"@context":"https:\/\/schema.org","@graph":[{"@type":"WebPage","@id":"https:\/\/europezinal.ch\/en\/","url":"https:\/\/europezinal.ch\/en\/","name":"Hotel Zinal, confort lodge Val d'Anniviers | Europe Hotel","isPartOf":{"@id":"https:\/\/europezinal.ch\/#website"},"primaryImageOfPage":{"@id":"https:\/\/europezinal.ch\/en\/#primaryimage"},"image":{"@id":"https:\/\/europezinal.ch\/en\/#primaryimage"},"thumbnailUrl":"https:\/\/europezinal.ch\/wp-content\/uploads\/2021\/12\/hotel-europe-zinal-notre-hotel-logo-swiss-lodge@3x.png","datePublished":"2022-01-18T08:23:20+00:00","dateModified":"2026-04-24T08:16:48+00:00","description":"Au c\u0153ur des Alpes Valaisannes, l'h\u00f4tel Europe bas\u00e9 \u00e0 Zinal vous propose des chambres confortables pour des s\u00e9jours en famille juste \u00e0 c\u00f4t\u00e9 des pistes!","breadcrumb":{"@id":"https:\/\/europezinal.ch\/en\/#breadcrumb"},"inLanguage":"en-US","potentialAction":[{"@type":"ReadAction","target":["https:\/\/europezinal.ch\/en\/"]}]},{"@type":"ImageObject","inLanguage":"en-US","@id":"https:\/\/europezinal.ch\/en\/#primaryimage","url":"https:\/\/europezinal.ch\/wp-content\/uploads\/2021\/12\/hotel-europe-zinal-notre-hotel-logo-swiss-lodge@3x.png","contentUrl":"https:\/\/europezinal.ch\/wp-content\/uploads\/2021\/12\/hotel-europe-zinal-notre-hotel-logo-swiss-lodge@3x.png"},{"@type":"BreadcrumbList","@id":"https:\/\/europezinal.ch\/en\/#breadcrumb","itemListElement":[{"@type":"ListItem","position":1,"name":"Accueil","item":"https:\/\/europezinal.ch\/en\/"},{"@type":"ListItem","position":2,"name":"Our hotel"}]},{"@type":"WebSite","@id":"https:\/\/europezinal.ch\/#website","url":"https:\/\/europezinal.ch\/","name":"Hotel Europe Zinal","description":"SWISS COMFORT LODGE","publisher":{"@id":"https:\/\/europezinal.ch\/#organization"},"potentialAction":[{"@type":"SearchAction","target":{"@type":"EntryPoint","urlTemplate":"https:\/\/europezinal.ch\/?s={search_term_string}"},"query-input":{"@type":"PropertyValueSpecification","valueRequired":true,"valueName":"search_term_string"}}],"inLanguage":"en-US"},{"@type":"Organization","@id":"https:\/\/europezinal.ch\/#organization","name":"Hotel Europe Zinal","url":"https:\/\/europezinal.ch\/","logo":{"@type":"ImageObject","inLanguage":"en-US","@id":"https:\/\/europezinal.ch\/#\/schema\/logo\/image\/","url":"https:\/\/europezinal.ch\/wp-content\/uploads\/2021\/12\/hotel-europe-zinal-logo-menu.svg","contentUrl":"https:\/\/europezinal.ch\/wp-content\/uploads\/2021\/12\/hotel-europe-zinal-logo-menu.svg","width":190,"height":72,"caption":"Hotel Europe Zinal"},"image":{"@id":"https:\/\/europezinal.ch\/#\/schema\/logo\/image\/"}}]}},"_links":{"self":[{"href":"https:\/\/europezinal.ch\/en\/wp-json\/wp\/v2\/pages\/292","targetHints":{"allow":["GET"]}}],"collection":[{"href":"https:\/\/europezinal.ch\/en\/wp-json\/wp\/v2\/pages"}],"about":[{"href":"https:\/\/europezinal.ch\/en\/wp-json\/wp\/v2\/types\/page"}],"author":[{"embeddable":true,"href":"https:\/\/europezinal.ch\/en\/wp-json\/wp\/v2\/users\/1"}],"replies":[{"embeddable":true,"href":"https:\/\/europezinal.ch\/en\/wp-json\/wp\/v2\/comments?post=292"}],"version-history":[{"count":76,"href":"https:\/\/europezinal.ch\/en\/wp-json\/wp\/v2\/pages\/292\/revisions"}],"predecessor-version":[{"id":2021,"href":"https:\/\/europezinal.ch\/en\/wp-json\/wp\/v2\/pages\/292\/revisions\/2021"}],"wp:attachment":[{"href":"https:\/\/europezinal.ch\/en\/wp-json\/wp\/v2\/media?parent=292"}],"curies":[{"name":"wp","href":"https:\/\/api.w.org\/{rel}","templated":true}]}}