{"id":317,"date":"2021-12-15T20:42:26","date_gmt":"2021-12-15T19:42:26","guid":{"rendered":"https:\/\/europezinal.ch\/notre-restaurant\/"},"modified":"2026-05-07T12:15:22","modified_gmt":"2026-05-07T10:15:22","slug":"unsere-restaurant","status":"publish","type":"page","link":"https:\/\/europezinal.ch\/de\/unsere-restaurant\/","title":{"rendered":"Restaurant"},"content":{"rendered":"\n<div class=\"wp-block-group container--narrow\"><div class=\"wp-block-group__inner-container is-layout-flow wp-block-group-is-layout-flow\">\n\n<div id=\"banner-block_60541a0f882744ac2bf980776b4ad277\" class=\"c-block-title-page text--center mb-xs-30\">\n    <h1 class=\"title__page\"><strong>Unsere Restaurant<\/strong><\/h1>\n        <h2 class=\"title__page\">Gastronomie<\/h2>\n    <\/div>\n\n\n\n<h3 style=\"text-align: center;\">Ein Hotel, das seine K\u00fcche Ihren W\u00fcnschen anpasst !<\/h3>\n<p style=\"text-align: center;\">Der K\u00fcchenchef bietet Ihnen neben Holzofenpizzas eine hervorragende Brasseriek\u00fcche, die geradezu ideal f\u00fcr eine kulinarische Verschnaufpause im Familien- oder Freundeskreis ist. Degustieren Sie seine modern interpretierten traditionellen Gerichte und seine regionalen Spezialit\u00e4ten wie das gesellige K\u00e4se- oder das Vigneronne-Fondue.<\/p>\n<p style=\"text-align: center;\">Im Sommer k\u00f6nnen Sie unsere herrliche Sonnenterrasse mit Blick auf unsere verschiedenen Gipfel genie\u00dfen.<\/p>\n<p style=\"text-align: center;\">Wir schlagen unseren G\u00e4sten die Halbpension zum Preis von CHF 38.00 pro Erwachsenem und CHF 20.- pro Kind w\u00e4hrend der gesamten \u00d6ffnungszeit unseres Hotels vor (mit Reservierung).<\/p>\n<\/div><\/div>\n\n\n\n\n<aside id=\"banner-block_b9bb06e078931ed66bd917a00f1a2727\" class=\"c-block-banner-cta  my-md-120 my-xs-70\">\n    <div class=\"c container\">\n        <div class=\"banner-cta__content\">\n            <div class=\"banner-cta__figure\">\n              \n                5%\n                <span><\/span>\n             \n               \n            <\/div>\n            <div class=\"banner-cta__text\">\n                <h2>Buchen Sie online auf unserer Website<\/h2>\n<p>Wenn Sie Ihr Zimmer direkt buchen, garantieren wir Ihnen den besten Preis!<br \/>\nProfitieren Sie au\u00dferdem bei einer Online-Buchung \u00fcber unsere Website von einem Rabatt von 5%.<\/p>\n            <\/div>\n            <div class=\"banner-cta__button\">\n                <a href=\"#booking\"  class=\"btn btn-cta\">Jetzt buchen<\/a>\n            <\/div>\n        <\/div>\n    <\/div>\n<\/aside>\n\n\n<div class=\"wp-block-group container--narrow\"><div class=\"wp-block-group__inner-container is-layout-flow wp-block-group-is-layout-flow\">\n<h2 class=\"wp-block-heading has-text-align-center mb-xs-40\"><strong>Unsere Menu<\/strong><\/h2>\n\n\n\n\n\n<div id=\"block_7f1f9844a1cba909fd90b47aa926f293\" class=\"c-block-slider container\">\n    <div class=\"owl-carousel slider-82193\">\n                        <a href=\"https:\/\/europezinal.ch\/wp-content\/uploads\/2023\/12\/Carte-Europe_hiver23-24_V1_Page_1.jpg\" data-lightbox=\"menu\">\n                    <figure>\n                        <img decoding=\"async\" src=\"https:\/\/europezinal.ch\/wp-content\/uploads\/2023\/12\/Carte-Europe_hiver23-24_V1_Page_1.jpg\" alt=\"\">\n                    <\/figure>\n                <\/a>\n                <\/div>\n    <script>\n    jQuery(document).ready(function(){\n        jQuery(\".owl-carousel.slider-82193\").owlCarousel({\n            items:1,\n            center: true,\n            autoplay: false,\n            autoplayTimeout:4000,\n            autoplayHoverPause:true,\n            loop: false,\n            dots: true,\n            nav: false,\n            responsiveClass: false,\n            singleItem:true,\n            animateOut: 'fadeOut',\n        });\n    });\n\n\n    \/\/ jQuery(document).ready(function(){\n    \/\/     jQuery('.c-block-slider figure').each(function(){\n    \/\/         imageSrc = jQuery(this).find('img').attr('src');\n    \/\/         jQuery(this).zoom({url: imageSrc , magnify: .5 });\n    \/\/         console.log(imageSrc);\n    \/\/     })\n        \n\/\/ });\njQuery(document).ready(function(){\nlightbox.option({\n      'fitImagesInViewport': false,\n      'showImageNumberLabel' : false,\n      'wrapAround': false\n    })\n});\n    <\/script>\n<\/div>\n<\/div><\/div>\n\n\n\n<p><\/p>\n\n\n\n<div class=\"wp-block-buttons is-content-justification-center is-layout-flex wp-container-core-buttons-is-layout-16018d1d wp-block-buttons-is-layout-flex\">\n<div class=\"wp-block-button\"><a class=\"wp-block-button__link wp-element-button\" href=\"https:\/\/europezinal.ch\/wp-content\/uploads\/2026\/05\/Carte_Europe_hiver-24-RMGZ-Style.pdf\">Men\u00fc 2026<\/a><\/div>\n<\/div>\n\n\n\n<p><\/p>\n","protected":false},"excerpt":{"rendered":"<p>Ein Hotel, das seine K\u00fcche Ihren W\u00fcnschen anpasst ! Der K\u00fcchenchef bietet Ihnen neben Holzofenpizzas eine hervorragende Brasseriek\u00fcche, die geradezu ideal f\u00fcr eine kulinarische Verschnaufpause im Familien- oder Freundeskreis ist. Degustieren Sie seine modern interpretierten traditionellen Gerichte und seine regionalen Spezialit\u00e4ten wie das gesellige K\u00e4se- oder das Vigneronne-Fondue. Im Sommer k\u00f6nnen Sie unsere herrliche Sonnenterrasse [&hellip;]<\/p>\n","protected":false},"author":1,"featured_media":0,"parent":0,"menu_order":0,"comment_status":"closed","ping_status":"closed","template":"","meta":{"_acf_changed":false,"footnotes":""},"class_list":["post-317","page","type-page","status-publish","hentry"],"acf":[],"yoast_head":"<!-- This site is optimized with the Yoast SEO plugin v26.1.1 - https:\/\/yoast.com\/wordpress\/plugins\/seo\/ -->\n<title>Restaurant Zinal, entdecken Sie unsere Speisekarte | Hotel Europa<\/title>\n<meta name=\"description\" content=\"Unser Restaurant in Zinal ist ein integraler Bestandteil unseres Hotels Europe. Unsere K\u00fcche passt sich Ihren W\u00fcnschen an. Entdecken Sie unsere Speisekarte!\" \/>\n<meta name=\"robots\" content=\"index, follow, max-snippet:-1, max-image-preview:large, max-video-preview:-1\" \/>\n<link rel=\"canonical\" href=\"https:\/\/europezinal.ch\/de\/unsere-restaurant\/\" \/>\n<meta property=\"og:locale\" content=\"de_DE\" \/>\n<meta property=\"og:type\" content=\"article\" \/>\n<meta property=\"og:title\" content=\"Restaurant Zinal, entdecken Sie unsere Speisekarte | Hotel Europa\" \/>\n<meta property=\"og:description\" content=\"Unser Restaurant in Zinal ist ein integraler Bestandteil unseres Hotels Europe. Unsere K\u00fcche passt sich Ihren W\u00fcnschen an. Entdecken Sie unsere Speisekarte!\" \/>\n<meta property=\"og:url\" content=\"https:\/\/europezinal.ch\/de\/unsere-restaurant\/\" \/>\n<meta property=\"og:site_name\" content=\"Hotel Europe Zinal\" \/>\n<meta property=\"article:modified_time\" content=\"2026-05-07T10:15:22+00:00\" \/>\n<meta name=\"twitter:card\" content=\"summary_large_image\" \/>\n<meta name=\"twitter:label1\" content=\"Gesch\u00e4tzte Lesezeit\" \/>\n\t<meta name=\"twitter:data1\" content=\"1\u00a0Minute\" \/>\n<script type=\"application\/ld+json\" class=\"yoast-schema-graph\">{\"@context\":\"https:\/\/schema.org\",\"@graph\":[{\"@type\":\"WebPage\",\"@id\":\"https:\/\/europezinal.ch\/de\/unsere-restaurant\/\",\"url\":\"https:\/\/europezinal.ch\/de\/unsere-restaurant\/\",\"name\":\"Restaurant Zinal, entdecken Sie unsere Speisekarte | Hotel Europa\",\"isPartOf\":{\"@id\":\"https:\/\/europezinal.ch\/#website\"},\"datePublished\":\"2021-12-15T19:42:26+00:00\",\"dateModified\":\"2026-05-07T10:15:22+00:00\",\"description\":\"Unser Restaurant in Zinal ist ein integraler Bestandteil unseres Hotels Europe. Unsere K\u00fcche passt sich Ihren W\u00fcnschen an. Entdecken Sie unsere Speisekarte!\",\"breadcrumb\":{\"@id\":\"https:\/\/europezinal.ch\/de\/unsere-restaurant\/#breadcrumb\"},\"inLanguage\":\"de\",\"potentialAction\":[{\"@type\":\"ReadAction\",\"target\":[\"https:\/\/europezinal.ch\/de\/unsere-restaurant\/\"]}]},{\"@type\":\"BreadcrumbList\",\"@id\":\"https:\/\/europezinal.ch\/de\/unsere-restaurant\/#breadcrumb\",\"itemListElement\":[{\"@type\":\"ListItem\",\"position\":1,\"name\":\"Accueil\",\"item\":\"https:\/\/europezinal.ch\/de\/\"},{\"@type\":\"ListItem\",\"position\":2,\"name\":\"Restaurant\"}]},{\"@type\":\"WebSite\",\"@id\":\"https:\/\/europezinal.ch\/#website\",\"url\":\"https:\/\/europezinal.ch\/\",\"name\":\"Hotel Europe Zinal\",\"description\":\"SWISS COMFORT LODGE\",\"publisher\":{\"@id\":\"https:\/\/europezinal.ch\/#organization\"},\"potentialAction\":[{\"@type\":\"SearchAction\",\"target\":{\"@type\":\"EntryPoint\",\"urlTemplate\":\"https:\/\/europezinal.ch\/?s={search_term_string}\"},\"query-input\":{\"@type\":\"PropertyValueSpecification\",\"valueRequired\":true,\"valueName\":\"search_term_string\"}}],\"inLanguage\":\"de\"},{\"@type\":\"Organization\",\"@id\":\"https:\/\/europezinal.ch\/#organization\",\"name\":\"Hotel Europe Zinal\",\"url\":\"https:\/\/europezinal.ch\/\",\"logo\":{\"@type\":\"ImageObject\",\"inLanguage\":\"de\",\"@id\":\"https:\/\/europezinal.ch\/#\/schema\/logo\/image\/\",\"url\":\"https:\/\/europezinal.ch\/wp-content\/uploads\/2021\/12\/hotel-europe-zinal-logo-menu.svg\",\"contentUrl\":\"https:\/\/europezinal.ch\/wp-content\/uploads\/2021\/12\/hotel-europe-zinal-logo-menu.svg\",\"width\":190,\"height\":72,\"caption\":\"Hotel Europe Zinal\"},\"image\":{\"@id\":\"https:\/\/europezinal.ch\/#\/schema\/logo\/image\/\"}}]}<\/script>\n<!-- \/ Yoast SEO plugin. -->","yoast_head_json":{"title":"Restaurant Zinal, entdecken Sie unsere Speisekarte | Hotel Europa","description":"Unser Restaurant in Zinal ist ein integraler Bestandteil unseres Hotels Europe. Unsere K\u00fcche passt sich Ihren W\u00fcnschen an. Entdecken Sie unsere Speisekarte!","robots":{"index":"index","follow":"follow","max-snippet":"max-snippet:-1","max-image-preview":"max-image-preview:large","max-video-preview":"max-video-preview:-1"},"canonical":"https:\/\/europezinal.ch\/de\/unsere-restaurant\/","og_locale":"de_DE","og_type":"article","og_title":"Restaurant Zinal, entdecken Sie unsere Speisekarte | Hotel Europa","og_description":"Unser Restaurant in Zinal ist ein integraler Bestandteil unseres Hotels Europe. Unsere K\u00fcche passt sich Ihren W\u00fcnschen an. Entdecken Sie unsere Speisekarte!","og_url":"https:\/\/europezinal.ch\/de\/unsere-restaurant\/","og_site_name":"Hotel Europe Zinal","article_modified_time":"2026-05-07T10:15:22+00:00","twitter_card":"summary_large_image","twitter_misc":{"Gesch\u00e4tzte Lesezeit":"1\u00a0Minute"},"schema":{"@context":"https:\/\/schema.org","@graph":[{"@type":"WebPage","@id":"https:\/\/europezinal.ch\/de\/unsere-restaurant\/","url":"https:\/\/europezinal.ch\/de\/unsere-restaurant\/","name":"Restaurant Zinal, entdecken Sie unsere Speisekarte | Hotel Europa","isPartOf":{"@id":"https:\/\/europezinal.ch\/#website"},"datePublished":"2021-12-15T19:42:26+00:00","dateModified":"2026-05-07T10:15:22+00:00","description":"Unser Restaurant in Zinal ist ein integraler Bestandteil unseres Hotels Europe. Unsere K\u00fcche passt sich Ihren W\u00fcnschen an. Entdecken Sie unsere Speisekarte!","breadcrumb":{"@id":"https:\/\/europezinal.ch\/de\/unsere-restaurant\/#breadcrumb"},"inLanguage":"de","potentialAction":[{"@type":"ReadAction","target":["https:\/\/europezinal.ch\/de\/unsere-restaurant\/"]}]},{"@type":"BreadcrumbList","@id":"https:\/\/europezinal.ch\/de\/unsere-restaurant\/#breadcrumb","itemListElement":[{"@type":"ListItem","position":1,"name":"Accueil","item":"https:\/\/europezinal.ch\/de\/"},{"@type":"ListItem","position":2,"name":"Restaurant"}]},{"@type":"WebSite","@id":"https:\/\/europezinal.ch\/#website","url":"https:\/\/europezinal.ch\/","name":"Hotel Europe Zinal","description":"SWISS COMFORT LODGE","publisher":{"@id":"https:\/\/europezinal.ch\/#organization"},"potentialAction":[{"@type":"SearchAction","target":{"@type":"EntryPoint","urlTemplate":"https:\/\/europezinal.ch\/?s={search_term_string}"},"query-input":{"@type":"PropertyValueSpecification","valueRequired":true,"valueName":"search_term_string"}}],"inLanguage":"de"},{"@type":"Organization","@id":"https:\/\/europezinal.ch\/#organization","name":"Hotel Europe Zinal","url":"https:\/\/europezinal.ch\/","logo":{"@type":"ImageObject","inLanguage":"de","@id":"https:\/\/europezinal.ch\/#\/schema\/logo\/image\/","url":"https:\/\/europezinal.ch\/wp-content\/uploads\/2021\/12\/hotel-europe-zinal-logo-menu.svg","contentUrl":"https:\/\/europezinal.ch\/wp-content\/uploads\/2021\/12\/hotel-europe-zinal-logo-menu.svg","width":190,"height":72,"caption":"Hotel Europe Zinal"},"image":{"@id":"https:\/\/europezinal.ch\/#\/schema\/logo\/image\/"}}]}},"_links":{"self":[{"href":"https:\/\/europezinal.ch\/de\/wp-json\/wp\/v2\/pages\/317","targetHints":{"allow":["GET"]}}],"collection":[{"href":"https:\/\/europezinal.ch\/de\/wp-json\/wp\/v2\/pages"}],"about":[{"href":"https:\/\/europezinal.ch\/de\/wp-json\/wp\/v2\/types\/page"}],"author":[{"embeddable":true,"href":"https:\/\/europezinal.ch\/de\/wp-json\/wp\/v2\/users\/1"}],"replies":[{"embeddable":true,"href":"https:\/\/europezinal.ch\/de\/wp-json\/wp\/v2\/comments?post=317"}],"version-history":[{"count":53,"href":"https:\/\/europezinal.ch\/de\/wp-json\/wp\/v2\/pages\/317\/revisions"}],"predecessor-version":[{"id":2040,"href":"https:\/\/europezinal.ch\/de\/wp-json\/wp\/v2\/pages\/317\/revisions\/2040"}],"wp:attachment":[{"href":"https:\/\/europezinal.ch\/de\/wp-json\/wp\/v2\/media?parent=317"}],"curies":[{"name":"wp","href":"https:\/\/api.w.org\/{rel}","templated":true}]}}